{"id":126,"date":"2016-08-11T08:50:05","date_gmt":"2016-08-11T06:50:05","guid":{"rendered":"http:\/\/pfadfinder-glinde.de\/?page_id=126"},"modified":"2023-06-30T20:32:48","modified_gmt":"2023-06-30T18:32:48","slug":"der-zeltplatz","status":"publish","type":"page","link":"https:\/\/pfadis-glinde.de\/?page_id=126","title":{"rendered":"Der Zeltplatz"},"content":{"rendered":"<p>Der <b>Zeltplatz<\/b> liegt direkt vor dem Haus und bietet bequem Platz f\u00fcr 2 Jurten und 5 Kohten. Eine <b>befestigte Feuerstelle<\/b> mit Sitzring ist die einzige M\u00f6glichkeit um Feuer zu machen. \u00dcber die feste Feuerstelle pa\u00dft genau ein Jurtendach, falls es mal regnen sollte&#8230;<\/p>\n<p><b>Feuerholz<\/b> ist in geringen Mengen manchmal im Holzunterstand vorhanden, ansonsten m\u00fc\u00dft ihr im angrenzenden Waldst\u00fcck Holz suchen.<\/p>\n<p><b>Bauholz<\/b> ist vorhanden, darf aber nicht zers\u00e4gt werden.<\/p>\n<p>Im <b>Au\u00dfenbackofen<\/b> kann man lecker Pizza und Brot backen. Falls ihr ihn nutzen wollt, m\u00fc\u00dft ihr aber vorher Bescheid sagen, damit ihr das n\u00f6tige Zubeh\u00f6r bekommt.<\/p>\n<p>Zum Zeltplatz geh\u00f6rt eine, nur von au\u00dfen begehbare, <b>Toilette und Dusche<\/b>, sowie 2 Waschbecken.<br \/>\nDiese Toilette wurde 2013 behindertengerecht umgebaut, so da\u00df sie f\u00fcr Rollstuhlfahrer geeignet ist.<\/p>\n","protected":false},"excerpt":{"rendered":"<p>Der Zeltplatz liegt direkt vor dem Haus und bietet bequem Platz f\u00fcr 2 Jurten und 5 Kohten. Eine befestigte Feuerstelle mit Sitzring ist die einzige M\u00f6glichkeit um Feuer zu machen. \u00dcber die feste Feuerstelle pa\u00dft <a class=\"more-link\" href=\"https:\/\/pfadis-glinde.de\/?page_id=126\">weiterlesen&#8230;<\/a><\/p>\n","protected":false},"author":2,"featured_media":0,"parent":20,"menu_order":0,"comment_status":"closed","ping_status":"closed","template":"","meta":{"footnotes":""},"class_list":["post-126","page","type-page","status-publish","hentry"],"_links":{"self":[{"href":"https:\/\/pfadis-glinde.de\/index.php?rest_route=\/wp\/v2\/pages\/126","targetHints":{"allow":["GET"]}}],"collection":[{"href":"https:\/\/pfadis-glinde.de\/index.php?rest_route=\/wp\/v2\/pages"}],"about":[{"href":"https:\/\/pfadis-glinde.de\/index.php?rest_route=\/wp\/v2\/types\/page"}],"author":[{"embeddable":true,"href":"https:\/\/pfadis-glinde.de\/index.php?rest_route=\/wp\/v2\/users\/2"}],"replies":[{"embeddable":true,"href":"https:\/\/pfadis-glinde.de\/index.php?rest_route=%2Fwp%2Fv2%2Fcomments&post=126"}],"version-history":[{"count":0,"href":"https:\/\/pfadis-glinde.de\/index.php?rest_route=\/wp\/v2\/pages\/126\/revisions"}],"up":[{"embeddable":true,"href":"https:\/\/pfadis-glinde.de\/index.php?rest_route=\/wp\/v2\/pages\/20"}],"wp:attachment":[{"href":"https:\/\/pfadis-glinde.de\/index.php?rest_route=%2Fwp%2Fv2%2Fmedia&parent=126"}],"curies":[{"name":"wp","href":"https:\/\/api.w.org\/{rel}","templated":true}]}}