{"id":128,"date":"2016-08-11T08:53:27","date_gmt":"2016-08-11T06:53:27","guid":{"rendered":"http:\/\/pfadfinder-glinde.de\/?page_id=128"},"modified":"2017-04-03T15:52:01","modified_gmt":"2017-04-03T13:52:01","slug":"die-umgebung","status":"publish","type":"page","link":"https:\/\/pfadis-glinde.de\/?page_id=128","title":{"rendered":"Die Umgebung"},"content":{"rendered":"<p><strong>Glinde<\/strong><\/p>\n<hr \/>\n<p>Glinde, eine Stadt mit knapp 20.000 Einwohnern, bildet die Grenze zwischen der Gro\u00dfstadt Hamburg und dem Landleben Schleswig-Holsteins. Dadurch bietet diese Lage ein weitreichendes Spektrum an M\u00f6glichkeiten seine Freizeit zu gestalten und eine gute Verkehrsanbindung um alles zu erreichen. Mehr Infos unter glinde.de und stadtmarketing-glinde.de<\/p>\n<p>&nbsp;<\/p>\n<p><strong>Oststeinbek<\/strong><\/p>\n<hr \/>\n<p>Das direkte Bindeglied zwischen Hamburg und Glinde bietet direkten Anschlu\u00df an die A1 sowie an das hamburger U-Bahn-Netz.<\/p>\n<p>&nbsp;<\/p>\n<p><strong>Reinbek<\/strong><\/p>\n<hr \/>\n<p>In Reinbek findet man einen Freizeitpark mit diversen Sportangeboten von Bowling bis Badminton und vom Fitnessraum bis zum Erlebnisbad. Von hier hat man direkten Anschlu\u00df an das hamburger S-Bahn-Netz sowie die S-Bahn-Verbindung nach Aum\u00fchle. &#8230; reinbek.de<\/p>\n<p>&nbsp;<\/p>\n<p><strong>Bergedorf<\/strong><\/p>\n<hr \/>\n<p>Der Ortsteil Hamburg-Bergedorf liegt direkt neben Reinbek und bietet mit seinen Shopping- , Gastronomie- und Freizeitangeboten einen kleinen Vorgeschmack auf die Hamburger-City.<br \/>\nMit anderen Worten: Neben Schwimmbad, S- und DB-Bahnhof, McDonalds, Karstadt, Steak House, Bars und Diskotheken findet man hier auch eine Sternwarte, die nach voriger Absprache besichtigt werden kann.<br \/>\nVon hier aus fahren auch Nahverkehrsbusse in die Vier-Lande, wo man unter anderem einen Kanuverleih f\u00fcr Fahrten auf der Goose- und Doven-Elbe findet.<\/p>\n<p>&nbsp;<\/p>\n<p><strong>Vier- und Marschlanden<\/strong><\/p>\n<hr \/>\n<p>Ein kleines St\u00fcck hinter Bergedorf beginnt das l\u00e4ndliche Idyll aus Wiesen, Feldern und nat\u00fcrlichen Wasserarmen. Neben Fahrradtouren l\u00e4\u00dft sich das Gebiet aber auch ideal mit dem Kanu, Kajak oder Ruderboot erkundschaften.<br \/>\nDas Angebot von Bootsverleihern findet ihr unter paddeleih oder paddel-meier.de.<\/p>\n<p>&nbsp;<\/p>\n<p><strong>Trittau<\/strong><\/p>\n<hr \/>\n<p>Das ca. 14 km entfernte Trittau ist mit seinem Freibad ein beliebtes Tagesziel f\u00fcr Fahrradtouren und wundersch\u00f6n \u00fcber Radwanderwege zu erreichen. Ebenso die Badeseen Gro\u00dfensee und der L\u00fctjensee (allerdings ohne DLRG-Badeaufsicht) die ganz in der N\u00e4he liegen.<\/p>\n<p>&nbsp;<\/p>\n<p><strong>Aum\u00fchle<\/strong><\/p>\n<hr \/>\n<p>Ein kleines Dorf s\u00fcdlich des Sachsenwaldes mit der ber\u00fchmten F\u00fcrst Bismark Qelle. Ausser der Quelle und dem Bismarckdenkmal kann man hier einen Schmetterlingspark und ein Eisenbahnmuseum besuchen, wo man seine F\u00e4higkeiten beim Draisine fahren testen kann.<\/p>\n<p>&nbsp;<\/p>\n<p><strong>Sachsenwald<\/strong><\/p>\n<hr \/>\n<p>Der Sachsenwald erstreckt sich auf einer Gesamtfl\u00e4che von knapp 70 km\u00b2. Das Gebiet ist ideal f\u00fcr Tagesaktionen wie Orientierungsl\u00e4ufe, Postenl\u00e4ufe und \u00e4hnliches. &#8230; sachsenwald.de<\/p>\n<p>&nbsp;<\/p>\n<p>&nbsp;<\/p>\n<p>Bei Interesse k\u00f6nnen wir Euch gerne Material und Infos zur Verf\u00fcgung stellen und Euch bei der Ausarbeitung von Aktionen helfen.<\/p>\n","protected":false},"excerpt":{"rendered":"<p>Glinde Glinde, eine Stadt mit knapp 20.000 Einwohnern, bildet die Grenze zwischen der Gro\u00dfstadt Hamburg und dem Landleben Schleswig-Holsteins. Dadurch bietet diese Lage ein weitreichendes Spektrum an M\u00f6glichkeiten seine Freizeit zu gestalten und eine gute <a class=\"more-link\" href=\"https:\/\/pfadis-glinde.de\/?page_id=128\">weiterlesen&#8230;<\/a><\/p>\n","protected":false},"author":2,"featured_media":0,"parent":20,"menu_order":0,"comment_status":"closed","ping_status":"closed","template":"","meta":{"footnotes":""},"class_list":["post-128","page","type-page","status-publish","hentry"],"_links":{"self":[{"href":"https:\/\/pfadis-glinde.de\/index.php?rest_route=\/wp\/v2\/pages\/128","targetHints":{"allow":["GET"]}}],"collection":[{"href":"https:\/\/pfadis-glinde.de\/index.php?rest_route=\/wp\/v2\/pages"}],"about":[{"href":"https:\/\/pfadis-glinde.de\/index.php?rest_route=\/wp\/v2\/types\/page"}],"author":[{"embeddable":true,"href":"https:\/\/pfadis-glinde.de\/index.php?rest_route=\/wp\/v2\/users\/2"}],"replies":[{"embeddable":true,"href":"https:\/\/pfadis-glinde.de\/index.php?rest_route=%2Fwp%2Fv2%2Fcomments&post=128"}],"version-history":[{"count":0,"href":"https:\/\/pfadis-glinde.de\/index.php?rest_route=\/wp\/v2\/pages\/128\/revisions"}],"up":[{"embeddable":true,"href":"https:\/\/pfadis-glinde.de\/index.php?rest_route=\/wp\/v2\/pages\/20"}],"wp:attachment":[{"href":"https:\/\/pfadis-glinde.de\/index.php?rest_route=%2Fwp%2Fv2%2Fmedia&parent=128"}],"curies":[{"name":"wp","href":"https:\/\/api.w.org\/{rel}","templated":true}]}}