{"id":130,"date":"2016-08-11T08:55:36","date_gmt":"2016-08-11T06:55:36","guid":{"rendered":"http:\/\/pfadfinder-glinde.de\/?page_id=130"},"modified":"2017-04-03T15:50:57","modified_gmt":"2017-04-03T13:50:57","slug":"anfahrt-zu-unserem-pfadiheim","status":"publish","type":"page","link":"https:\/\/pfadis-glinde.de\/?page_id=130","title":{"rendered":"Anfahrt zu unserem Pfadiheim"},"content":{"rendered":"<p>Das Pfadiheim liegt im S\u00fcdosten von Hamburg und ist durch die direkte N\u00e4he zur Hansestadt einfach zu erreichen.<\/p>\n<p>unsere Anschrift:<\/p>\n<p style=\"padding-left: 120px;\"><strong>CP Stamm S\u00f6nke Nissen<\/strong><br \/>\n<strong>Im Gellhornpark 24<\/strong><br \/>\n<strong>21509 Glinde<\/strong><\/p>\n<p><strong>Anreise mit \u00f6ffentlichen Verkehrsmitteln<\/strong><\/p>\n<hr \/>\n<p>Je nach dem aus welcher Richtung Ihr mit der deutschen Bahn nach Hamburg kommt, solltet Ihr in den HVV entweder ab HH-Bergedorf oder HH-Hauptbahnhof umsteigen. N\u00e4here Infos erhaltet Ihr bei der Deutschen Bahn und dem HVV, der Euch auch einen pers\u00f6nlichen Fahrplan erzeugt.<\/p>\n<p>&nbsp;<\/p>\n<p><strong>Anreise mit PKW<\/strong><\/p>\n<hr \/>\n<p><center><br \/>\n<iframe loading=\"lazy\" style=\"border: 0;\" src=\"https:\/\/www.google.com\/maps\/embed?pb=!1m18!1m12!1m3!1d2371.124390049212!2d10.220427315993488!3d53.53769316806224!2m3!1f0!2f0!3f0!3m2!1i1024!2i768!4f13.1!3m3!1m2!1s0x47b1f30d43520cd1%3A0x18bfe939c29f1416!2sChristliche+Pfadfinder+Stamm+S%C3%B6nke+Nissen!5e0!3m2!1sde!2sde!4v1491227380272\" width=\"600\" height=\"450\" frameborder=\"0\" allowfullscreen=\"allowfullscreen\"><\/iframe><br \/>\n<\/center><\/p>\n","protected":false},"excerpt":{"rendered":"<p>Das Pfadiheim liegt im S\u00fcdosten von Hamburg und ist durch die direkte N\u00e4he zur Hansestadt einfach zu erreichen. unsere Anschrift: CP Stamm S\u00f6nke Nissen Im Gellhornpark 24 21509 Glinde Anreise mit \u00f6ffentlichen Verkehrsmitteln Je nach <a class=\"more-link\" href=\"https:\/\/pfadis-glinde.de\/?page_id=130\">weiterlesen&#8230;<\/a><\/p>\n","protected":false},"author":2,"featured_media":0,"parent":20,"menu_order":0,"comment_status":"closed","ping_status":"closed","template":"","meta":{"footnotes":""},"class_list":["post-130","page","type-page","status-publish","hentry"],"_links":{"self":[{"href":"https:\/\/pfadis-glinde.de\/index.php?rest_route=\/wp\/v2\/pages\/130","targetHints":{"allow":["GET"]}}],"collection":[{"href":"https:\/\/pfadis-glinde.de\/index.php?rest_route=\/wp\/v2\/pages"}],"about":[{"href":"https:\/\/pfadis-glinde.de\/index.php?rest_route=\/wp\/v2\/types\/page"}],"author":[{"embeddable":true,"href":"https:\/\/pfadis-glinde.de\/index.php?rest_route=\/wp\/v2\/users\/2"}],"replies":[{"embeddable":true,"href":"https:\/\/pfadis-glinde.de\/index.php?rest_route=%2Fwp%2Fv2%2Fcomments&post=130"}],"version-history":[{"count":0,"href":"https:\/\/pfadis-glinde.de\/index.php?rest_route=\/wp\/v2\/pages\/130\/revisions"}],"up":[{"embeddable":true,"href":"https:\/\/pfadis-glinde.de\/index.php?rest_route=\/wp\/v2\/pages\/20"}],"wp:attachment":[{"href":"https:\/\/pfadis-glinde.de\/index.php?rest_route=%2Fwp%2Fv2%2Fmedia&parent=130"}],"curies":[{"name":"wp","href":"https:\/\/api.w.org\/{rel}","templated":true}]}}