{"id":138,"date":"2016-08-11T09:06:17","date_gmt":"2016-08-11T07:06:17","guid":{"rendered":"http:\/\/pfadfinder-glinde.de\/?page_id=138"},"modified":"2023-02-28T01:48:23","modified_gmt":"2023-02-28T00:48:23","slug":"impressum","status":"publish","type":"page","link":"https:\/\/pfadis-glinde.de\/?page_id=138","title":{"rendered":"Impressum"},"content":{"rendered":"<p><strong>Betreiber<\/strong><\/p>\n<p style=\"padding-left: 60px;\">CP Stamm S\u00f6nke Nissen<br \/>\nIm Gellhornpark 24<br \/>\n21509 Glinde<br \/>\nweitere Angaben siehe <a href=\"https:\/\/pfadis-glinde.de\/?page_id=57\">Kontakt<\/a><\/p>\n<p>&nbsp;<\/p>\n<p><strong>Verweise und Links<\/strong><\/p>\n<hr \/>\n<p>Wir m\u00f6chten mit den bei uns gesammelten Links auf Internetseiten aufmerksam machen, die interessante, n\u00fctzliche und unterhaltsame Inhalte bereitstellen. Wir sind darauf bedacht, dass die Inhalte dieser Seiten, die au\u00dferhalb unseres Verantwortungsbereiches liegen, keine rechtwidrigen oder beleidigende Inhalte aufweisen. Wir bitten ausdr\u00fccklich darum, uns zu informieren, sobald wir direkt oder indirekt auf eine Internetseite verweisen, deren Inhalt nicht mit unseren Vorstellungen \u00fcbereinstimmt.<\/p>\n<p>&nbsp;<\/p>\n<p><strong>Urheber- und Kennzeichenrecht<\/strong><\/p>\n<hr \/>\n<p>Die auf unseren Seiten ver\u00f6ffentlichten Texte, Ton- und Bilddokumente sowie Grafiken und Fotos sind entweder von uns selbst erstellt oder deren Ver\u00f6ffentlichung auf unserer Seite von dem Urheber genehmigt (sofern nicht lizenzfrei). Daher gestatten wir nicht, dass Inhalte unseres Onlineangebots, ohne unsere Genehmigung, an anderer Stelle ver\u00f6ffentlicht werden (egal in welcher Form). ( Bei Interesse m\u00f6ge man uns eine E-Mail schicken. Bei nicht kommerziellen Interesse sollte dem nichts im Wege stehen.)<br \/>\nAuch hier bitten wir um eine kurze Benachrichtigung, sollten wir unwissentlich urheberrechtlich gesch\u00fctzte Inhalte ver\u00f6ffentlicht haben.<\/p>\n<p>&nbsp;<\/p>\n<p><strong>Datenschutz<\/strong><\/p>\n<hr \/>\n<p>Wer auf unseren Seiten Daten in Textfelder eingibt, tut dies ausdr\u00fccklich freiwillig. Die gespeicherten Daten werden ausschlie\u00dflich zur Funktionalit\u00e4t des Angebots erfasst und nicht an Dritte weitergegeben. Siehe \u00a0<a href=\"https:\/\/pfadis-glinde.de\/?page_id=1874\"><strong>&gt;&gt; Datenschutzerkl\u00e4rung &lt;&lt;<\/strong><\/a><\/p>\n","protected":false},"excerpt":{"rendered":"<p>Betreiber CP Stamm S\u00f6nke Nissen Im Gellhornpark 24 21509 Glinde weitere Angaben siehe Kontakt &nbsp; Verweise und Links Wir m\u00f6chten mit den bei uns gesammelten Links auf Internetseiten aufmerksam machen, die interessante, n\u00fctzliche und unterhaltsame <a class=\"more-link\" href=\"https:\/\/pfadis-glinde.de\/?page_id=138\">weiterlesen&#8230;<\/a><\/p>\n","protected":false},"author":2,"featured_media":0,"parent":0,"menu_order":0,"comment_status":"closed","ping_status":"closed","template":"","meta":{"footnotes":""},"class_list":["post-138","page","type-page","status-publish","hentry"],"_links":{"self":[{"href":"https:\/\/pfadis-glinde.de\/index.php?rest_route=\/wp\/v2\/pages\/138","targetHints":{"allow":["GET"]}}],"collection":[{"href":"https:\/\/pfadis-glinde.de\/index.php?rest_route=\/wp\/v2\/pages"}],"about":[{"href":"https:\/\/pfadis-glinde.de\/index.php?rest_route=\/wp\/v2\/types\/page"}],"author":[{"embeddable":true,"href":"https:\/\/pfadis-glinde.de\/index.php?rest_route=\/wp\/v2\/users\/2"}],"replies":[{"embeddable":true,"href":"https:\/\/pfadis-glinde.de\/index.php?rest_route=%2Fwp%2Fv2%2Fcomments&post=138"}],"version-history":[{"count":0,"href":"https:\/\/pfadis-glinde.de\/index.php?rest_route=\/wp\/v2\/pages\/138\/revisions"}],"wp:attachment":[{"href":"https:\/\/pfadis-glinde.de\/index.php?rest_route=%2Fwp%2Fv2%2Fmedia&parent=138"}],"curies":[{"name":"wp","href":"https:\/\/api.w.org\/{rel}","templated":true}]}}