{"id":143,"date":"2016-08-11T10:06:42","date_gmt":"2016-08-11T08:06:42","guid":{"rendered":"http:\/\/pfadfinder-glinde.de\/?page_id=143"},"modified":"2023-05-31T19:14:40","modified_gmt":"2023-05-31T17:14:40","slug":"fotoalbum","status":"publish","type":"page","link":"https:\/\/pfadis-glinde.de\/?page_id=143","title":{"rendered":"Fotoalbum"},"content":{"rendered":"<p>Unsere Aktionen in Bildern!<\/p>\n<p>Die meisten Bilder existieren noch in einer besseren Qualit\u00e4t. Um die Ladevorg\u00e4ge hier etwas zu beschleunigen haben wir die Fotos etwas verkleinert und deren Aufl\u00f6sung reduziert.<br \/>\nWer ein Foto in Originalqualit\u00e4t und ohne Wasserzeichen haben m\u00f6chte, schicke uns &#8217;ne E-Mail.<\/p>\n<p><strong>2017<\/strong><\/p>\n<hr \/>\n<p><a href=\"http:\/\/pfadfinder-glinde.de\/?page_id=1786\">08.09. &#8211; 10.09.2017 &#8211; BSCP Treffen<\/a><br \/>\n<a href=\"http:\/\/pfadfinder-glinde.de\/?page_id=1788\">29.08. &#8211; 01.09.2017 &#8211; Meuten Sommerlager<\/a><br \/>\n<a href=\"http:\/\/pfadfinder-glinde.de\/?page_id=1790\">08.07. &#8211; 06.08.2017 &#8211; Sommerfahrt Schweden<\/a><br \/>\n<a href=\"http:\/\/pfadfinder-glinde.de\/?page_id=1790\">24.05. &#8211; 28.05.2017 &#8211; Kirchentag Berlin<\/a><\/p>\n<p><strong>2016<\/strong><\/p>\n<hr \/>\n<p><a href=\"http:\/\/pfadfinder-glinde.de\/?page_id=1654\">18.09.2016 &#8211; Familienlauf Wentorfer Lohe<\/a><br \/>\n<a href=\"http:\/\/pfadfinder-glinde.de\/?page_id=1652\">11.09.2016 &#8211; BSCP Treffen Burg Ludwigstein<\/a><br \/>\n<a href=\"http:\/\/pfadfinder-glinde.de\/?page_id=1656\">20.08.2016 &#8211; Sommerfahrt Gr\u00fcnes Band<\/a><br \/>\n<a href=\"http:\/\/pfadfinder-glinde.de\/?page_id=148\">09.07.2016 &#8211; Glinder Marktfest<\/a><br \/>\n<a href=\"http:\/\/pfadfinder-glinde.de\/?page_id=197\">15.05.2016 &#8211; Pfingstlager Bockholm<\/a><br \/>\n<a href=\"http:\/\/pfadfinder-glinde.de\/?page_id=958\">19.03.2016 &#8211; Umwelts\u00e4uberungsaktion<\/a><\/p>\n<p><strong>2015<\/strong><\/p>\n<hr \/>\n<p><a href=\"http:\/\/pfadfinder-glinde.de\/?page_id=966\">27.12.2015 &#8211; Kornett Feldmeister Kurs Kirchsch\u00f6nbach<\/a><br \/>\n<a href=\"http:\/\/pfadfinder-glinde.de\/?page_id=968\">12.09.2015 &#8211; BSCP Treffen Schloss Martinfeld<\/a><br \/>\n<a href=\"http:\/\/pfadfinder-glinde.de\/?page_id=970\">30.08.2015 &#8211; Familienlauf<\/a><br \/>\n<a href=\"http:\/\/pfadfinder-glinde.de\/?page_id=972\">03.06.2015 &#8211; Kirchentag Stuttgart<\/a><br \/>\n<a href=\"http:\/\/pfadfinder-glinde.de\/?page_id=974\">22.05.2015 &#8211; Pfingstlager Tydal<\/a><br \/>\n<a href=\"http:\/\/pfadfinder-glinde.de\/?page_id=978\">14.02.2015 &#8211; Hajkwochenende<\/a><\/p>\n<p>&nbsp;<\/p>\n<div id='wpcp-288f10314b6f293f88341a483b59c24b' class='wpcp-container'><div id='ShareoneDrive' class=' gallery  wpcp-has-scroll-to-top' data-module-id='wpcp-288f10314b6f293f88341a483b59c24b' style='display:none'><noscript><div class='ShareoneDrive-nojsmessage'>Um diesen Inhalt anzuzeigen, m\u00fcssen Sie JavaScript in Ihrem Browser aktiviert haben.<br\/><a href='http:\/\/www.enable-javascript.com\/' target='_blank'>Gehen Sie dazu bitte wie folgt vor<\/a>.<\/div><\/noscript><div class='wpcp-module ShareoneDrive wpcp-gallery jsdisabled'  id='ShareoneDrive-288f10314b6f293f88341a483b59c24b' data-token='288f10314b6f293f88341a483b59c24b' data-account-id='ac1b2a70cdb68b2a' data-drive-id='ac1b2a70cdb68b2a' data-id='' data-org-id='' data-path='bnVsbA==' data-org-path='bnVsbA==' data-source='86253a8288906a7822a38bd78bdc61c6' data-sort='name:asc' data-list='gallery' data-query='' data-lightboxnav='1' data-lightboxthumbs='1' data-lightboxopen='0' data-targetheight='300' data-slideshow='0' data-pausetime='5000' data-showfilenames='0'><div class=\"wpcp-browser-container wpcp-browser-tree--init wpcp-no-tree wpcp-browser--init\" style=\"width:100%;max-width:100%;\">\r\n    <div class=\"wpcp-browser-container-tree\" data-show-tree='0'>\r\n        <div class=\"nav-header\">\r\n            <a class=\"nav-tree-toggle entry-info-button\" tabindex=\"0\" title=\"Ordnerstruktur anzeigen\">\r\n                <i class=\"eva eva-arrowhead-left-outline\"><\/i>\r\n            <\/a>\r\n        <\/div>\r\n        <div class=\"wpcp-browser-tree\"><\/div>\r\n    <\/div>\r\n    <div class=\"wpcp-browser-container-content\">\r\n        <div class=\"nav-header nav-header-has-breadcrumb nav-header-onhover\">            <a class=\"nav-home entry-info-button\" title=\"Gehen Sie zur\u00fcck zum Startordner\" tabindex=\"0\">\r\n                <i class=\"eva eva-home-outline\"><\/i>\r\n            <\/a>\r\n            <div class=\"nav-title\">Laden...<\/div>\r\n                        <a class=\"nav-search entry-info-button\" tabindex=\"0\">\r\n                <i class=\"eva eva-search\"><\/i>\r\n            <\/a>\r\n\r\n            <div class=\"tippy-content-holder search-wrapper\">\r\n                <a class=\"search-icon search-submit\" href=\"javascript:;\"><i class=\"eva eva-search\"><\/i><\/a>\r\n                <input class=\"search-input\" name=\"q\" type=\"search\" autocomplete=\"off\" size=\"40\" aria-label=\"Suche\" placeholder=\"Suche nach Dateien und Inhalt\" \/>\r\n                <a class=\"search-remove\" href=\"javascript:;\" title=\"Zur\u00fccksetzen\"><i class=\"eva eva-close\"><\/i><\/a>\r\n            <\/div>\r\n            \r\n            <a class=\"nav-sort entry-info-button\" title=\"Sortieren\">\r\n                <i class=\"eva eva-options\"><\/i>\r\n            <\/a>\r\n            <div class=\"tippy-content-holder sort-div\">\r\n                <ul class='nav-sorting-list'>\r\n                    <li><a class=\"nav-sorting-field nav-name sort-selected\" data-field=\"name\" title=\"Name\">\r\n                            Name                        <\/a>\r\n                    <\/li>\r\n                    <li><a class=\"nav-sorting-field nav-size \" data-field=\"size\" title=\"Gr\u00f6\u00dfe\">\r\n                            Gr\u00f6\u00dfe                        <\/a>\r\n                    <\/li>\r\n                    <li><a class=\"nav-sorting-field nav-modified \" data-field=\"modified\" title=\"\u00c4nderungsdatum\">\r\n                            \u00c4nderungsdatum                        <\/a>\r\n                    <\/li>\r\n                    <li><a class=\"nav-sorting-field nav-datetaken \" data-field=\"datetaken\" title=\"Erstellungsdatum\">\r\n                            Erstellungsdatum                        <\/a>\r\n                    <\/li>\r\n                    <li class=\"list-separator\">&nbsp;<\/li>\r\n                    <li><a class=\"nav-sorting-order nav-asc sort-selected\" data-order=\"asc\" title=\"Aufsteigend\">\r\n                            Aufsteigend                        <\/a>\r\n                    <\/li>\r\n                    <li><a class=\"nav-sorting-order nav-desc \" data-order=\"desc\" title=\"Absteigend\">\r\n                            Absteigend                        <\/a>\r\n                    <\/li>\r\n                <\/ul>\r\n            <\/div>\r\n\r\n            <a class=\"nav-gear entry-info-button\" title=\"Weitere Aktionen\">\r\n                <i class=\"eva eva-more-vertical-outline\"><\/i>\r\n            <\/a>\r\n            <div class=\"tippy-content-holder gear-div\" data-token=\"288f10314b6f293f88341a483b59c24b\">\r\n                <ul>\r\n                                        <li class='gear-menu-no-options' style=\"display: none\"><a><i class='eva eva-info-outline eva-lg'><\/i>Keine Optionen...<\/a><\/li>\r\n                <\/ul>\r\n            <\/div>\r\n                        <a class=\"nav-refresh entry-info-button\" title=\"Neu laden\">\r\n                <i class=\"eva eva-sync\"><\/i>\r\n            <\/a>\r\n                    <\/div>        <div class=\"wpcp-container-content\">\r\n            <div class=\"loading initialize\">                <svg class=\"loader-spinner\" viewBox=\"25 25 50 50\">\r\n                    <circle class=\"path\" cx=\"50\" cy=\"50\" r=\"20\" fill=\"none\" stroke-width=\"3\" stroke-miterlimit=\"10\"><\/circle>\r\n                <\/svg>\r\n                            <\/div>\r\n            <div class=\"ajax-filelist\" style=\"\">\r\n                <div class='images image-collage'>\r\n                    \r\n<div class=\"image-container entry\">\r\n    <a>\r\n        <img loading=\"lazy\" decoding=\"async\" class=\"skeleton skeleton-gallery-img\" alt=\"\" src=\"data:image\/png;base64,iVBORw0KGgoAAAANSUhEUgAAAAEAAAABCAYAAAAfFcSJAAAAC0lEQVQYV2NgAAIAAAUAAarVyFEAAAAASUVORK5CYII=\" width=\"399\" height=\"300\" style=\"width:399px !important;height:300px !important; \">\r\n    <\/a>\r\n<\/div>\r\n\r\n<div class=\"image-container entry\">\r\n    <a>\r\n        <img loading=\"lazy\" decoding=\"async\" class=\"skeleton skeleton-gallery-img\" alt=\"\" src=\"data:image\/png;base64,iVBORw0KGgoAAAANSUhEUgAAAAEAAAABCAYAAAAfFcSJAAAAC0lEQVQYV2NgAAIAAAUAAarVyFEAAAAASUVORK5CYII=\" width=\"300\" height=\"300\" style=\"width:300px !important;height:300px !important; \">\r\n    <\/a>\r\n<\/div>\r\n\r\n<div class=\"image-container entry\">\r\n    <a>\r\n        <img loading=\"lazy\" decoding=\"async\" class=\"skeleton skeleton-gallery-img\" alt=\"\" src=\"data:image\/png;base64,iVBORw0KGgoAAAANSUhEUgAAAAEAAAABCAYAAAAfFcSJAAAAC0lEQVQYV2NgAAIAAAUAAarVyFEAAAAASUVORK5CYII=\" width=\"300\" height=\"300\" style=\"width:300px !important;height:300px !important; \">\r\n    <\/a>\r\n<\/div>\r\n\r\n<div class=\"image-container entry\">\r\n    <a>\r\n        <img loading=\"lazy\" decoding=\"async\" class=\"skeleton skeleton-gallery-img\" alt=\"\" src=\"data:image\/png;base64,iVBORw0KGgoAAAANSUhEUgAAAAEAAAABCAYAAAAfFcSJAAAAC0lEQVQYV2NgAAIAAAUAAarVyFEAAAAASUVORK5CYII=\" width=\"399\" height=\"300\" style=\"width:399px !important;height:300px !important; \">\r\n    <\/a>\r\n<\/div>\r\n\r\n<div class=\"image-container entry\">\r\n    <a>\r\n        <img loading=\"lazy\" decoding=\"async\" class=\"skeleton skeleton-gallery-img\" alt=\"\" src=\"data:image\/png;base64,iVBORw0KGgoAAAANSUhEUgAAAAEAAAABCAYAAAAfFcSJAAAAC0lEQVQYV2NgAAIAAAUAAarVyFEAAAAASUVORK5CYII=\" width=\"534\" height=\"300\" style=\"width:534px !important;height:300px !important; \">\r\n    <\/a>\r\n<\/div>\r\n                <\/div>\r\n            <\/div>\r\n\r\n            <div class=\"scroll-to-top\">\r\n                <button class=\"scroll-to-top-action button button-round-icon secondary button-round-icon-lg button-shadow-3\" type=\"button\" title=\"Nach oben scrollen\" aria-expanded=\"false\"><i class=\"eva eva-arrow-upward-outline eva-2x\"><\/i><\/button>\r\n                            <\/div>\r\n        <\/div>\r\n    <\/div>\r\n<\/div>\r\n<style>\r\n<\/style><\/div><\/div><div class='wpcp-module-script'><script type='text\/javascript'>if (typeof(jQuery) !== 'undefined' && typeof(jQuery.cp) !== 'undefined' && typeof(jQuery.cp.ShareoneDrive) === 'function') { jQuery('#ShareoneDrive-288f10314b6f293f88341a483b59c24b').ShareoneDrive(ShareoneDrive_vars); };<\/script><\/div><\/div>\n","protected":false},"excerpt":{"rendered":"<p>Unsere Aktionen in Bildern! Die meisten Bilder existieren noch in einer besseren Qualit\u00e4t. Um die Ladevorg\u00e4ge hier etwas zu beschleunigen haben wir die Fotos etwas verkleinert und deren Aufl\u00f6sung reduziert. Wer ein Foto in Originalqualit\u00e4t <a class=\"more-link\" href=\"https:\/\/pfadis-glinde.de\/?page_id=143\">weiterlesen&#8230;<\/a><\/p>\n","protected":false},"author":2,"featured_media":0,"parent":0,"menu_order":0,"comment_status":"closed","ping_status":"closed","template":"","meta":{"footnotes":""},"class_list":["post-143","page","type-page","status-publish","hentry"],"_links":{"self":[{"href":"https:\/\/pfadis-glinde.de\/index.php?rest_route=\/wp\/v2\/pages\/143","targetHints":{"allow":["GET"]}}],"collection":[{"href":"https:\/\/pfadis-glinde.de\/index.php?rest_route=\/wp\/v2\/pages"}],"about":[{"href":"https:\/\/pfadis-glinde.de\/index.php?rest_route=\/wp\/v2\/types\/page"}],"author":[{"embeddable":true,"href":"https:\/\/pfadis-glinde.de\/index.php?rest_route=\/wp\/v2\/users\/2"}],"replies":[{"embeddable":true,"href":"https:\/\/pfadis-glinde.de\/index.php?rest_route=%2Fwp%2Fv2%2Fcomments&post=143"}],"version-history":[{"count":0,"href":"https:\/\/pfadis-glinde.de\/index.php?rest_route=\/wp\/v2\/pages\/143\/revisions"}],"wp:attachment":[{"href":"https:\/\/pfadis-glinde.de\/index.php?rest_route=%2Fwp%2Fv2%2Fmedia&parent=143"}],"curies":[{"name":"wp","href":"https:\/\/api.w.org\/{rel}","templated":true}]}}