{"id":1897,"date":"2019-08-28T12:33:43","date_gmt":"2019-08-28T10:33:43","guid":{"rendered":"http:\/\/pfadis-glinde.de\/?page_id=1897"},"modified":"2022-11-26T18:37:49","modified_gmt":"2022-11-26T17:37:49","slug":"herzlich-willkommen-beim-stamm-soenke-nissen","status":"publish","type":"page","link":"https:\/\/pfadis-glinde.de\/","title":{"rendered":""},"content":{"rendered":"\r\n<h2>\u00a0<\/h2>\r\n<h2>Herzlich Willkommen beim Stamm S\u00f6nke Nissen<\/h2>\r\n<p>Wir sind ein Pfadfinderstamm aus dem Ort Glinde, in der N\u00e4he von Hamburg. Gegr\u00fcndet wurden wir 1980 und 1985 wurden wir zum Stamm ernannt. Seitdem hat sich vieles bei uns getan. Was wir aktuell so machen kannst du auf diese Hompage erfahren. Wir w\u00fcnschen dir viel Spa\u00df beim Erkunden unserer Seite. Hier findest du Informationen \u00fcber unseren Stamm, unser Haus, die aktuellen Termine und deine Ansprechpartner bei Fragen aller Art.<\/p>\r\n<p><br \/><strong>Hier bist du genau Richtig, wenn du\u2026<\/strong><\/p>\r\n<p><br \/><strong>\u2026Entdeckerlust hast:<\/strong><br \/>Neue Freunde finden, im Zelt oder unter freiem Sternenhimmel schlafen, eine eigene Kochstelle bauen und neue Gegenden entdecken: mit uns kannst du all das erleben und noch viel mehr!<\/p>\r\n<p><br \/><strong>\u2026Abenteurer bist:<\/strong><br \/>Egal ob mit dem Kanu, dem Fahrrad oder zu Fu\u00df auf Fahrt wirst du deine gr\u00f6\u00dften Abenteuer erleben! Schon Baden Powel sagte \u201eDer Geist des Abenteuers ist in fast jedem Jungen angeboren; in der \u00fcberf\u00fcllten Stadt ist Abenteuer f\u00fcr ihn aber schwer zu finden.\u201c. Hier in Glinde und auf unseren Fahrten und Lagern kannst du diesen Geist des Abenteuers wieder entdecken.<\/p>\r\n<p><br \/><strong>\u2026teil einer Gemeinschaft sein m\u00f6chtest:<\/strong><br \/>Bei Singerunden am prasselnden Lagerfeuer, in unseren w\u00f6chentlichen Gruppenstunden oder auf Fahrt- und Lager wir sind immer in bester Gesellschaft. Hier entstehen Freundschaften f\u00fcrs Leben! Bei uns kann jeder mitmachen, der Lust auf eine tolle Gemeinschaft hat und mindestens 6 Jahre alt ist. Infos zu unseren verschiedenen Gruppen findet ihr hier: <a href=\"https:\/\/pfadis-glinde.de\/?page_id=40\">Unsere Gruppen<\/a><\/p>\r\n<p><br \/><strong>\u2026in die Natur willst:<\/strong><br \/>Wandern ohne Navi und Brennnesseltee \u00fcberm Feuer oder auf einem Trangia-Kocher kochen sind bei uns keine Seltenheit. Bei uns lernst du, wie man sich in der Natur verh\u00e4lt und was sie uns geben kann.<\/p>\r\n<p><br \/><strong>\u2026unser Haus mieten m\u00f6chtest:<\/strong><br \/>Unser liebevoll gestaltetes Pfadfinderheim und der dazugeh\u00f6rige Lagerplatz k\u00f6nnen von anderen Pfadfindergruppen gemietet werden. Weitere Infos hierzu findet ihr hier: <a href=\"https:\/\/pfadis-glinde.de\/?page_id=17\">Vermietung<\/a><\/p>\r\n<p><br \/><strong>\u2026du erfahren m\u00f6chtest warum wir nach S\u00f6nke Nissen benannt sind:<\/strong><br \/>S\u00f6nke Nissen stammt aus dem nordfriesischen Klockries und wanderte 1905 in das heutige Namibia (damals: Deutsch-S\u00fcdwestafrika) aus. Dort arbeitete er als Handwerker und Ingenieur. Er bekam die Leitung des Baus eines Teilabschnitts der L\u00fcderitzbahn \u00fcbertragen. Bei dem Bau dieser Bahnstrecke stie\u00df man auf Diamanten und zusammen mit dem Bahnmeister August Stauch und einem weiteren Partner sicherte sich S\u00f6nke Nissen die Rechte an den gefundenen Diamanten bei L\u00fcderitz und wurde so innerhalb kurzer Zeit zum mehrfachen Million\u00e4r. 1909 kehrte S\u00f6nke Nissen zur\u00fcck nach Deutschland und zog 1912 nach Glinde auf das Gut Glinde. S\u00f6nke Nissen hat seitdem dazu beigetragen, wie sich Glinde entwickelt und diesen Ort, der uns als Pfadfinderstamm beheimatet, finanziell unterst\u00fctzt.<\/p>\r\n","protected":false},"excerpt":{"rendered":"<p>\u00a0 Herzlich Willkommen beim Stamm S\u00f6nke Nissen Wir sind ein Pfadfinderstamm aus dem Ort Glinde, in der N\u00e4he von Hamburg. Gegr\u00fcndet wurden wir 1980 und 1985 wurden wir zum Stamm ernannt. Seitdem hat sich vieles <a class=\"more-link\" href=\"https:\/\/pfadis-glinde.de\/\">weiterlesen&#8230;<\/a><\/p>\n","protected":false},"author":2,"featured_media":0,"parent":0,"menu_order":0,"comment_status":"closed","ping_status":"closed","template":"","meta":{"footnotes":""},"class_list":["post-1897","page","type-page","status-publish","hentry"],"_links":{"self":[{"href":"https:\/\/pfadis-glinde.de\/index.php?rest_route=\/wp\/v2\/pages\/1897","targetHints":{"allow":["GET"]}}],"collection":[{"href":"https:\/\/pfadis-glinde.de\/index.php?rest_route=\/wp\/v2\/pages"}],"about":[{"href":"https:\/\/pfadis-glinde.de\/index.php?rest_route=\/wp\/v2\/types\/page"}],"author":[{"embeddable":true,"href":"https:\/\/pfadis-glinde.de\/index.php?rest_route=\/wp\/v2\/users\/2"}],"replies":[{"embeddable":true,"href":"https:\/\/pfadis-glinde.de\/index.php?rest_route=%2Fwp%2Fv2%2Fcomments&post=1897"}],"version-history":[{"count":0,"href":"https:\/\/pfadis-glinde.de\/index.php?rest_route=\/wp\/v2\/pages\/1897\/revisions"}],"wp:attachment":[{"href":"https:\/\/pfadis-glinde.de\/index.php?rest_route=%2Fwp%2Fv2%2Fmedia&parent=1897"}],"curies":[{"name":"wp","href":"https:\/\/api.w.org\/{rel}","templated":true}]}}