{"id":40,"date":"2016-08-09T09:00:01","date_gmt":"2016-08-09T09:00:01","guid":{"rendered":"http:\/\/pfadfinder-glinde.de\/?page_id=40"},"modified":"2023-02-28T01:39:36","modified_gmt":"2023-02-28T00:39:36","slug":"unsere-gruppen","status":"publish","type":"page","link":"https:\/\/pfadis-glinde.de\/?page_id=40","title":{"rendered":"Unsere Gruppen"},"content":{"rendered":"<h1 id=\"page-title\" class=\"title\">Gruppen<\/h1>\n<div class=\"region region-content\">\n<div id=\"block-system-main\" class=\"block block-system first last odd\">\n<div class=\"content\">\n<div id=\"node-19\" class=\"node node-page view-mode-full clearfix\">\n<div class=\"content\">\n<div class=\"field field-name-body field-type-text-with-summary field-label-hidden\">\n<div class=\"field-items\">\n<div class=\"field-item even\">\n<p>Im Stamm S\u00f6nke Nissen haben wir unterschiedliche Stufen, die f\u00fcr jedes Alter der Pfadfinder ein angepasstes Programm bietet. Wir haben W\u00f6lflings- und Pfadfindergruppen sowie einen Roverclan und eine \u00c4lterenschaft<\/p>\n<h2>W\u00f6lflinge<\/h2>\n<p><img loading=\"lazy\" decoding=\"async\" class=\"wp-image-1668 size-full alignleft\" src=\"https:\/\/pfadis-glinde.de\/wp-content\/uploads\/woelflinge.jpg\" alt=\"\" width=\"154\" height=\"157\" \/>Die W\u00f6lflingsstufe ist unsere erste Stufe. Hier finden sich Kinder im Alter von ca. 7-11 Jahren. Die W\u00f6lflingsstufe basiert auf dem Dschungelbuch von R. Kipling in der Gruppengestaltung. Deshalb nennen wir sie auch W\u00f6lflinge, ihre Leiter Akelas und ihre Gruppen Meuten. In den Meuten leben und spielen die W\u00f6lflinge und lernen den Umgang miteinander. Es werden erste pfadfinderische Grundlagen wie Knoten oder Erste Hilfe vermittelt, erste Lieder gesungen neue Freundschaften gekn\u00fcpft. Auch auf erste kleinere und k\u00fcrzere Lager geht es &#8211; ob nun im Zelt oder in eine H\u00fctte. Die Losung der W\u00f6lflinge lautet &#8222;Wir wollen unser Bestes tun!&#8220;. Es wird also nicht erwartet, dass die W\u00f6lflinge alles k\u00f6nnen und perfekt machen, aber sich zumindest daran wagen und ihr bestes versuchen.<\/p>\n<p><a href=\"https:\/\/pfadis-glinde.de\/?page_id=42\">Zu den W\u00f6lflingen &#8211;&gt;<\/a><\/p>\n<h2>Pfadfinder<\/h2>\n<p><img loading=\"lazy\" decoding=\"async\" class=\"wp-image-1667 size-full alignleft\" src=\"https:\/\/pfadis-glinde.de\/wp-content\/uploads\/pfadfinder.jpg\" alt=\"\" width=\"161\" height=\"186\" \/>Die Pfadfinderstufe beginnt etwa ab 12 Jahren. Die Pfadfinder sind in Sippen organisiert. Eine Sippe besteht aus ca. 4- 7 Pfadfindern und hat jeweils ihr eigenes Sippenmaterial wie z.B. eigenes Zelt. Die Sippen sind deutlich eigenst\u00e4ndiger als die W\u00f6lflinge. So halten sie beispielsweise eigene Gruppenstunden und bereiten sich in ihrer Sippe auf Lager vor und machen Proben. Die Fahrten werden l\u00e4nger und f\u00fchren die Pfadfinder durch ganz Europa. Der Wahlspruch der Pfadfinder lautet &#8222;Allzeit Bereit&#8220;.<\/p>\n<p><a href=\"https:\/\/pfadis-glinde.de\/?page_id=44\">Zu den Sippen &#8211;&gt;<\/a><\/p>\n<h2><\/h2>\n<h2>Rover<\/h2>\n<p><img loading=\"lazy\" decoding=\"async\" class=\"wp-image-1672 alignleft\" src=\"https:\/\/pfadis-glinde.de\/wp-content\/uploads\/sp\u00e4her.png\" alt=\"\" width=\"146\" height=\"195\" \/>Mit 18 Jahren beginnt die Roverstufe. Auch in dieser Stufe gibt es zahlreiche Aktivit\u00e4ten vor allem auch innerhalb des Bundes. So haben die Rover beispielsweise ihr eigenes Lager auf dem Bundespfingstlager. Auch eine Roverstunde mit wechselnden Themen findet statt.\u00a0 Der Wahlspruch der Rover lautet &#8222;Ich diene&#8220;. So hilft er gerne und bereitwillig wo gerade Not am Mann ist und Hilfe und Unterst\u00fctzung ben\u00f6tigt wird.<\/p>\n<\/div>\n<p><a href=\"https:\/\/pfadis-glinde.de\/?page_id=46\">Zu den Roverclans &#8211;&gt;<\/a><\/p>\n<\/div>\n<\/div>\n<div class=\"field field-name-body field-type-text-with-summary field-label-hidden\">\n<div class=\"field-items\">\n<div class=\"field-item even\">\n<h2><\/h2>\n<h2><\/h2>\n<h2>\u00c4lterenschaft<\/h2>\n<p><img loading=\"lazy\" decoding=\"async\" class=\"wp-image-1797 alignleft\" src=\"https:\/\/pfadis-glinde.de\/wp-content\/uploads\/Morlaabzeichen.png\" alt=\"\" width=\"145\" height=\"193\" srcset=\"https:\/\/pfadis-glinde.de\/wp-content\/uploads\/Morlaabzeichen.png 362w, https:\/\/pfadis-glinde.de\/wp-content\/uploads\/Morlaabzeichen-225x300.png 225w\" sizes=\"auto, (max-width: 145px) 100vw, 145px\" \/>Wir Morlas haben alle bereits einige Jahrzehnte Pfadfinderdasein auf dem Buckel. Getreu dem Motto \u201eeinmal Pfadfinder, immer Pfadfinder\u201c vereinen wir Stammesgr\u00fcnder, erste Sipplinge des Stammes und deren ehemalige Sipplinge. Wir sind eine fest gewachsene Gruppe, die unz\u00e4hlige Lager und Aktivit\u00e4ten zusammen erlebt, geleitet und gelebt hat.<\/p>\n<p><a href=\"https:\/\/pfadis-glinde.de\/?page_id=48\">Zur \u00c4lterenschaft &#8211;&gt;<\/a><\/p>\n<\/div>\n<\/div>\n<\/div>\n<\/div>\n<\/div>\n<\/div>\n<\/div>\n<\/div>\n","protected":false},"excerpt":{"rendered":"<p>Gruppen Im Stamm S\u00f6nke Nissen haben wir unterschiedliche Stufen, die f\u00fcr jedes Alter der Pfadfinder ein angepasstes Programm bietet. Wir haben W\u00f6lflings- und Pfadfindergruppen sowie einen Roverclan und eine \u00c4lterenschaft W\u00f6lflinge Die W\u00f6lflingsstufe ist unsere <a class=\"more-link\" href=\"https:\/\/pfadis-glinde.de\/?page_id=40\">weiterlesen&#8230;<\/a><\/p>\n","protected":false},"author":2,"featured_media":0,"parent":0,"menu_order":0,"comment_status":"closed","ping_status":"closed","template":"","meta":{"footnotes":""},"class_list":["post-40","page","type-page","status-publish","hentry"],"_links":{"self":[{"href":"https:\/\/pfadis-glinde.de\/index.php?rest_route=\/wp\/v2\/pages\/40","targetHints":{"allow":["GET"]}}],"collection":[{"href":"https:\/\/pfadis-glinde.de\/index.php?rest_route=\/wp\/v2\/pages"}],"about":[{"href":"https:\/\/pfadis-glinde.de\/index.php?rest_route=\/wp\/v2\/types\/page"}],"author":[{"embeddable":true,"href":"https:\/\/pfadis-glinde.de\/index.php?rest_route=\/wp\/v2\/users\/2"}],"replies":[{"embeddable":true,"href":"https:\/\/pfadis-glinde.de\/index.php?rest_route=%2Fwp%2Fv2%2Fcomments&post=40"}],"version-history":[{"count":0,"href":"https:\/\/pfadis-glinde.de\/index.php?rest_route=\/wp\/v2\/pages\/40\/revisions"}],"wp:attachment":[{"href":"https:\/\/pfadis-glinde.de\/index.php?rest_route=%2Fwp%2Fv2%2Fmedia&parent=40"}],"curies":[{"name":"wp","href":"https:\/\/api.w.org\/{rel}","templated":true}]}}