{"id":42,"date":"2016-08-09T09:00:30","date_gmt":"2016-08-09T09:00:30","guid":{"rendered":"http:\/\/pfadfinder-glinde.de\/?page_id=42"},"modified":"2025-05-14T13:22:08","modified_gmt":"2025-05-14T11:22:08","slug":"woeflinge","status":"publish","type":"page","link":"https:\/\/pfadis-glinde.de\/?page_id=42","title":{"rendered":"W\u00f6lflinge"},"content":{"rendered":"<p><img loading=\"lazy\" decoding=\"async\" class=\"wp-image-1668 size-full alignleft\" src=\"https:\/\/pfadis-glinde.de\/wp-content\/uploads\/woelflinge.jpg\" alt=\"\" width=\"154\" height=\"157\" \/>Die W\u00f6lflingsstufe ist unsere erste Stufe. Hier finden sich Kinder im Alter von ca. 7-12 Jahren. Die W\u00f6lflingsstufe hat das Dschungelbuch von R. Kipling als Motto. Deshalb nennen wir sie auch W\u00f6lflinge, ihre Leiter Akelas und ihre Gruppen Meuten. In den Meuten leben und spielen die W\u00f6lflinge und lernen den Umgang miteinander. Es werden erste pfadfinderische Grundlagen wie Knoten oder Erste Hilfe vermittelt, erste Lieder gesungen und neue Freundschaften gekn\u00fcpft. Auch auf erste kleinere und k\u00fcrzere Lager geht es &#8211; ob nun im Zelt oder in eine H\u00fctte. Die Losung der W\u00f6lflinge lautet &#8222;Wir wollen unser Bestes tun!&#8220;. Es wird also nicht erwartet, dass die W\u00f6lflinge alles k\u00f6nnen und perfekt machen, aber sich zumindest daran wagen und ihr Bestes versuchen.<\/p>\n<p>&nbsp;<\/p>\n\n<table id=\"tablepress-7\" class=\"tablepress tablepress-id-7\">\n<tbody>\n<tr class=\"row-1\">\n\t<td class=\"column-1\"><\/td><td class=\"column-2\">Alter: 7-11 Jahre<br \/>\n<br \/>\nTreffen: Mittwochs 17.00 Uhr - 18.30 Uhr<br \/>\nKontakt: Leonie und Alexander<br \/>\nE-Mail: leonie(at)pfadis-glinde.de\/ <br \/>\nakettler09(at)gmail.com<\/td><td class=\"column-3\"><strong>Erkennungsschrei:<\/strong> <em>\"Darzee - Unser Heim ist der Dschungel\"<\/em><\/td>\n<\/tr>\n<\/tbody>\n<\/table>\n<!-- #tablepress-7 from cache -->\n","protected":false},"excerpt":{"rendered":"<p>Die W\u00f6lflingsstufe ist unsere erste Stufe. Hier finden sich Kinder im Alter von ca. 7-12 Jahren. Die W\u00f6lflingsstufe hat das Dschungelbuch von R. Kipling als Motto. Deshalb nennen wir sie auch W\u00f6lflinge, ihre Leiter Akelas <a class=\"more-link\" href=\"https:\/\/pfadis-glinde.de\/?page_id=42\">weiterlesen&#8230;<\/a><\/p>\n","protected":false},"author":2,"featured_media":0,"parent":40,"menu_order":0,"comment_status":"closed","ping_status":"closed","template":"","meta":{"footnotes":""},"class_list":["post-42","page","type-page","status-publish","hentry"],"_links":{"self":[{"href":"https:\/\/pfadis-glinde.de\/index.php?rest_route=\/wp\/v2\/pages\/42","targetHints":{"allow":["GET"]}}],"collection":[{"href":"https:\/\/pfadis-glinde.de\/index.php?rest_route=\/wp\/v2\/pages"}],"about":[{"href":"https:\/\/pfadis-glinde.de\/index.php?rest_route=\/wp\/v2\/types\/page"}],"author":[{"embeddable":true,"href":"https:\/\/pfadis-glinde.de\/index.php?rest_route=\/wp\/v2\/users\/2"}],"replies":[{"embeddable":true,"href":"https:\/\/pfadis-glinde.de\/index.php?rest_route=%2Fwp%2Fv2%2Fcomments&post=42"}],"version-history":[{"count":2,"href":"https:\/\/pfadis-glinde.de\/index.php?rest_route=\/wp\/v2\/pages\/42\/revisions"}],"predecessor-version":[{"id":2392,"href":"https:\/\/pfadis-glinde.de\/index.php?rest_route=\/wp\/v2\/pages\/42\/revisions\/2392"}],"up":[{"embeddable":true,"href":"https:\/\/pfadis-glinde.de\/index.php?rest_route=\/wp\/v2\/pages\/40"}],"wp:attachment":[{"href":"https:\/\/pfadis-glinde.de\/index.php?rest_route=%2Fwp%2Fv2%2Fmedia&parent=42"}],"curies":[{"name":"wp","href":"https:\/\/api.w.org\/{rel}","templated":true}]}}