{"id":48,"date":"2016-08-09T09:01:41","date_gmt":"2016-08-09T09:01:41","guid":{"rendered":"http:\/\/pfadfinder-glinde.de\/?page_id=48"},"modified":"2022-11-01T11:07:00","modified_gmt":"2022-11-01T10:07:00","slug":"aelterenschaft","status":"publish","type":"page","link":"https:\/\/pfadis-glinde.de\/?page_id=48","title":{"rendered":"\u00c4lterenschaft"},"content":{"rendered":"<p><img loading=\"lazy\" decoding=\"async\" class=\"wp-image-1797  alignleft\" src=\"https:\/\/pfadis-glinde.de\/wp-content\/uploads\/Morlaabzeichen.png\" alt=\"\" width=\"149\" height=\"198\" srcset=\"https:\/\/pfadis-glinde.de\/wp-content\/uploads\/Morlaabzeichen.png 362w, https:\/\/pfadis-glinde.de\/wp-content\/uploads\/Morlaabzeichen-225x300.png 225w\" sizes=\"auto, (max-width: 149px) 100vw, 149px\" \/>Wir Morlas haben alle bereits einige Jahrzehnte Pfadfinderdasein auf dem Buckel. Getreu dem Motto \u201eeinmal Pfadfinder, immer Pfadfinder\u201c vereinen wir Stammesgr\u00fcnder, erste Sipplinge des Stammes und deren ehemalige Sipplinge. Wir sind eine fest gewachsene Gruppe, die unz\u00e4hlige Lager und Aktivit\u00e4ten zusammen erlebt, geleitet und gelebt hat.<\/p>\n<p>&nbsp;<\/p>\n<p>&nbsp;<\/p>\n<p>&nbsp;<\/p>\n<p style=\"text-align: center;\">\n<table id=\"tablepress-9\" class=\"tablepress tablepress-id-9 tbody-has-connected-cells\">\n<tbody>\n<tr class=\"row-1\">\n\t<td class=\"column-1\">Bild Morla<\/td><td class=\"column-2\">Alter: ab 40 Jahren<br \/>\nTreffen: monatlich jeden 2. Mittwoch von 20 Uhr - 22 Uhr<br \/>\nKontakt: Wibke<br \/>\nE-Mail: wibke(at)pfadis-glinde.de<\/td>\n<\/tr>\n<tr class=\"row-2\">\n\t<td colspan=\"2\" class=\"column-1\">*(at) durch @ erstetzen<\/td>\n<\/tr>\n<\/tbody>\n<\/table>\n<!-- #tablepress-9 from cache --><\/p>\n","protected":false},"excerpt":{"rendered":"<p>Wir Morlas haben alle bereits einige Jahrzehnte Pfadfinderdasein auf dem Buckel. Getreu dem Motto \u201eeinmal Pfadfinder, immer Pfadfinder\u201c vereinen wir Stammesgr\u00fcnder, erste Sipplinge des Stammes und deren ehemalige Sipplinge. Wir sind eine fest gewachsene Gruppe, <a class=\"more-link\" href=\"https:\/\/pfadis-glinde.de\/?page_id=48\">weiterlesen&#8230;<\/a><\/p>\n","protected":false},"author":2,"featured_media":0,"parent":40,"menu_order":3,"comment_status":"closed","ping_status":"closed","template":"","meta":{"footnotes":""},"class_list":["post-48","page","type-page","status-publish","hentry"],"_links":{"self":[{"href":"https:\/\/pfadis-glinde.de\/index.php?rest_route=\/wp\/v2\/pages\/48","targetHints":{"allow":["GET"]}}],"collection":[{"href":"https:\/\/pfadis-glinde.de\/index.php?rest_route=\/wp\/v2\/pages"}],"about":[{"href":"https:\/\/pfadis-glinde.de\/index.php?rest_route=\/wp\/v2\/types\/page"}],"author":[{"embeddable":true,"href":"https:\/\/pfadis-glinde.de\/index.php?rest_route=\/wp\/v2\/users\/2"}],"replies":[{"embeddable":true,"href":"https:\/\/pfadis-glinde.de\/index.php?rest_route=%2Fwp%2Fv2%2Fcomments&post=48"}],"version-history":[{"count":0,"href":"https:\/\/pfadis-glinde.de\/index.php?rest_route=\/wp\/v2\/pages\/48\/revisions"}],"up":[{"embeddable":true,"href":"https:\/\/pfadis-glinde.de\/index.php?rest_route=\/wp\/v2\/pages\/40"}],"wp:attachment":[{"href":"https:\/\/pfadis-glinde.de\/index.php?rest_route=%2Fwp%2Fv2%2Fmedia&parent=48"}],"curies":[{"name":"wp","href":"https:\/\/api.w.org\/{rel}","templated":true}]}}